{"id":2323,"date":"2017-11-24T11:03:20","date_gmt":"2017-11-24T10:03:20","guid":{"rendered":"http:\/\/design.domus.pl\/?page_id=2323"},"modified":"2018-12-12T13:54:47","modified_gmt":"2018-12-12T12:54:47","slug":"o-nas","status":"publish","type":"page","link":"https:\/\/domusdesign.pl\/?page_id=2323","title":{"rendered":"O Nas"},"content":{"rendered":"<p><strong>Kim jeste\u015bmy?<\/strong><\/p>\n<p>Jeste\u015bmy projektantami pracuj\u0105cymi w firmie zajmuj\u0105cej si\u0119 importem i dystrybucj\u0105 p\u0142ytek w\u0142oskich i hiszpa\u0144skich a tak\u017ce sprzeda\u017c\u0105 detaliczn\u0105 produkt\u00f3w ceramicznych, wyposa\u017cenia \u0142azienek, lamp,tapet i innych artyku\u0142\u00f3w do wn\u0119trz.<\/p>\n<p><strong>O czym jest nasz blog?<\/strong><\/p>\n<p>Blog nasz jest zbiorem wpis\u00f3w, w kt\u00f3rych opowiadamy o naszej codziennej pracy, pokazujemy projekty kt\u00f3re realizujemy dla naszych klient\u00f3w, dzielimy si\u0119 z Wami swoj\u0105 wiedz\u0105 i do\u015bwiadczeniem. Zamiast teoretyzowa\u0107 wskazujemy konkretne, \u017cyciowe sytuacj\u0119 i pokazujemy drog\u0119, kt\u00f3ra zaprowadzi\u0142a nas do osi\u0105gni\u0119cia celu. A jest nim za ka\u017cdym razem u\u015bmiech i zadowolenie naszego klienta z pracy kt\u00f3r\u0105 razem wykonali\u015bmy.<\/p>\n<p><strong>Po co jeste\u015bmy?<\/strong><\/p>\n<p>Ka\u017cdego dnia spotykamy si\u0119 z lud\u017ami, kt\u00f3rzy oczekuj\u0105 od nas pomocy oraz wsparcia. Trafiaj\u0105 do nas bezpo\u015brednio przed lub ju\u017c w trakcie remontu, wyka\u0144czania domu albo mieszkania. Cz\u0119sto dopiero w tym momencie u\u015bwiadamiaj\u0105 sobie czym jest przestrze\u0144 w kt\u00f3rej \u017cyj\u0105 i jak du\u017cy maj\u0105 na ni\u0105 wp\u0142yw. Naszym zadaniem jest wsp\u00f3lne z nimi odnalezienie odpowiedzi na pytanie, jak ta przestrze\u0144 powinna wygl\u0105da\u0107 aby czuli si\u0119 w niej na prawd\u0119 dobrze.<\/p>\n<p><strong>Oceniaj nasz\u0105 prace!<\/strong><\/p>\n<p>Tre\u015bci zawarte w blogu maj\u0105 charakter publiczny, mo\u017cecie nie tylko czerpa\u0107 z zawartej w naszych wpisach wiedzy ale te\u017c aktywnie uczestniczy\u0107 w dyskusji na ich temat. Pod ka\u017cdym wpisem znajduje si\u0119 forum, kt\u00f3re jest w 100 procentach do Waszej dyspozycji. Mo\u017cecie ocenia\u0107 nasze pomys\u0142y i zastosowane rozwi\u0105zania. B\u0119dziemy wdzi\u0119czni za wszystkie opinie zar\u00f3wno pozytywne jak i negatywne. Moderowane b\u0119d\u0105 jedynie te komentarze kt\u00f3rych publikacja narazi\u0142aby administratora na konsekwencje prawne.<\/p>\n\n\n        <div class=\"gmwd_container_wrapper\">            <div class=\"gmwd_container\">                <div id=\"gmwd_container_1\">                    <script>                        if(typeof gmwdmapData == 'undefined'){                            var gmwdmapData = [];                         }                                                                gmwdmapData[\"widget\" + '177667817068'] = \"\";                                           gmwdmapData[\"mapId\" + '177667817068'] = Number(\"2\");                                           gmwdmapData[\"centerLat\" + '177667817068'] = Number(\"52.07999938342502\");                        gmwdmapData[\"centerLng\" + '177667817068'] = Number(\"19.597574324999965\");\t                        gmwdmapData[\"zoom\" + '177667817068'] = Number(\"6\");                        gmwdmapData[\"mapType\" + '177667817068'] = \"0\";                        gmwdmapData[\"maxZoom\" + '177667817068'] = Number(\"22\");                        gmwdmapData[\"minZoom\" + '177667817068'] = Number(\"2\");                        gmwdmapData[\"mapWhellScrolling\" + '177667817068'] = Number(\"0\") == 1 ? true : false;\t\t\t\t                        gmwdmapData[\"infoWindowOpenOn\" + '177667817068'] = \"click\" ;\t\t\t\t                        gmwdmapData[\"mapDragable\" + '177667817068'] = Number(\"1\") == 1 ? true : false;\t                            gmwdmapData[\"mapDbClickZoom\" + '177667817068'] = Number(\"0\") == 1 ? true : false;\t                                                            gmwdmapData[\"enableZoomControl\" + '177667817068'] = Number(\"1\") == 1 ? true : false;                        gmwdmapData[\"enableMapTypeControl\" + '177667817068'] = Number(\"1\") == 1 ? true : false;\t\t\t                        gmwdmapData[\"mapTypeControlOptions\" + '177667817068'] = {};                                                gmwdmapData[\"enableScaleControl\" + '177667817068'] = Number(\"1\") == 1 ? true : false;                        gmwdmapData[\"enableStreetViewControl\" + '177667817068'] = Number(\"1\") == 1 ? true : false;                        gmwdmapData[\"enableFullscreenControl\" + '177667817068'] = Number(\"0\") == 1 ? true : false;                        gmwdmapData[\"enableRotateControl\" + '177667817068'] = Number(\"1\") == 1 ? true : false;                        gmwdmapData[\"mapTypeControlPosition\" + '177667817068'] = Number(\"0\");                                                gmwdmapData[\"zoomControlPosition\" + '177667817068'] = Number(\"0\");                        gmwdmapData[\"streetViewControlPosition\" + '177667817068'] = Number(\"0\");                                                gmwdmapData[\"fullscreenControlPosition\" + '177667817068'] = Number(\"0\");                                                gmwdmapData[\"mapTypeControlStyle\" + '177667817068'] = Number(\"0\");\t\t\t\t                        gmwdmapData[\"mapBorderRadius\" + '177667817068'] = \"\";                        gmwdmapData[\"enableBykeLayer\" + '177667817068'] =  Number(\"0\");\t                        gmwdmapData[\"enableTrafficLayer\" + '177667817068'] =  Number(\"0\");\t\t\t\t                        gmwdmapData[\"enableTransitLayer\" + '177667817068'] =  Number(\"0\");\t                        gmwdmapData[\"geoRSSURL\" + '177667817068'] = \"\";\t                        gmwdmapData[\"KMLURL\" + '177667817068'] = \"\";\t                        gmwdmapData[\"fusionTableId\" + '177667817068'] = '';\t                                        gmwdmapData[\"mapTheme\" + '177667817068'] = '';\t\t\t                        gmwdmapData[\"mapMarkers\" + '177667817068'] = JSON.parse('{\"8\":{\"id\":\"8\",\"map_id\":\"2\",\"lat\":\"52.4548419\",\"lng\":\"16.899376399999937\",\"category\":\"0\",\"title\":\"Sklep Firmowy Ibero\",\"address\":\"Obornicka 293 60-691 Pozna\\u0144, Polska\",\"animation\":\"NONE\",\"enable_info_window\":\"1\",\"info_window_open\":\"0\",\"marker_size\":\"32\",\"custom_marker_url\":\"\",\"choose_marker_icon\":\"1\",\"description\":\"\",\"link_url\":\"\",\"pic_url\":\"\",\"published\":\"1\"},\"9\":{\"id\":\"9\",\"map_id\":\"2\",\"lat\":\"50.5101543\",\"lng\":\"18.31029060000003\",\"category\":\"0\",\"title\":\"Sklep Firmowy Domus\",\"address\":\"Rozenberg\\u00f3w 1 47-100 Strzelce Opolskie, Polska\",\"animation\":\"NONE\",\"enable_info_window\":\"1\",\"info_window_open\":\"0\",\"marker_size\":\"32\",\"custom_marker_url\":\"\",\"choose_marker_icon\":\"1\",\"description\":\"\",\"link_url\":\"\",\"pic_url\":\"\",\"published\":\"1\"},\"10\":{\"id\":\"10\",\"map_id\":\"2\",\"lat\":\"53.1613553\",\"lng\":\"16.769470100000035\",\"category\":\"0\",\"title\":\"Sklep Firmowy El Centro\",\"address\":\"Wojciecha Kossaka 119-121 64-920 Pi\\u0142a, Polska\",\"animation\":\"NONE\",\"enable_info_window\":\"1\",\"info_window_open\":\"0\",\"marker_size\":\"32\",\"custom_marker_url\":\"\",\"choose_marker_icon\":\"1\",\"description\":\"\",\"link_url\":\"\",\"pic_url\":\"\",\"published\":\"1\"},\"11\":{\"id\":\"11\",\"map_id\":\"2\",\"lat\":\"50.2546165\",\"lng\":\"19.061208899999997\",\"category\":\"0\",\"title\":\"Sklep Firmowy Domus\",\"address\":\"Porcelanowa 23, Katowice, Polska\",\"animation\":\"NONE\",\"enable_info_window\":\"1\",\"info_window_open\":\"0\",\"marker_size\":\"32\",\"custom_marker_url\":\"\",\"choose_marker_icon\":\"1\",\"description\":\"\",\"link_url\":\"\",\"pic_url\":\"\",\"published\":\"1\"}}');                        gmwdmapData[\"mapPolygons\" + '177667817068'] =  JSON.parse('[]');                        gmwdmapData[\"mapPolylines\" + '177667817068'] = JSON.parse('[]');                                                gmwdmapData[\"enableCategoryFilter\" + '177667817068'] = \"0\";                                                gmwdmapData[\"enableDirections\" + '177667817068'] = \"0\";                        gmwdmapData[\"enableStoreLocatior\" + '177667817068'] = \"0\";                        gmwdmapData[\"storeLocatorDistanceIn\" + '177667817068'] = \"km\";                                                gmwdmapData[\"storeLocatorStrokeWidth\" + '177667817068'] = Number(\"2\");                        gmwdmapData[\"storeLocatorFillColor\" + '177667817068'] = \"#\" + \"7FDF16\";                        gmwdmapData[\"storeLocatorFillOpacity\" + '177667817068'] = Number(\"0.3\");                        gmwdmapData[\"storeLocatorLineColor\" + '177667817068'] = \"#\" + \"000\";                        gmwdmapData[\"storeLocatorLineOpacity\" + '177667817068'] = Number(\"0.6\");                                                gmwdmapData[\"markerListingType\" + '177667817068'] = \"0\";                        gmwdmapData[\"markerListInsideMap\" + '177667817068'] = \"0\";                        gmwdmapData[\"markerListPosition\" + '177667817068'] = Number(\"0\");                        gmwdmapData[\"infoWindowInfo\" + '177667817068'] = \"title,address,desc,pic\";                        gmwdmapData[\"advancedInfoWindowPosition\" + '177667817068'] = Number(\"10\");                        gmwdmapData[\"geolocateUser\" + '177667817068'] = Number(\"0\");                        gmwdmapData[\"items\" + '177667817068'] = \"3\";                                                gmwdmapData[\"enableSerchBox\" + '177667817068'] = \"0\";                        gmwdmapData[\"serchBoxPosition\" + '177667817068'] = Number(\"3\");                                                gmwdmapData[\"allMarkers\" + '177667817068'] = [];                               gmwdmapData[\"allPolygons\" + '177667817068'] = [];                        gmwdmapData[\"allPolygonMarkers\" + '177667817068'] = [];                        gmwdmapData[\"allPolylines\" + '177667817068'] = [];                        gmwdmapData[\"allPolylineMarkers\" + '177667817068'] = [];                        gmwdmapData[\"infoWindows\" + '177667817068'] = [];                        gmwdmapData[\"ajaxData\" + '177667817068']  = {};                                                var ajaxURL = \"https:\/\/domusdesign.pl\/wp-admin\/admin-ajax.php\";                        var markerDefaultIcon = \"\";                        var GMWD_URL = \"https:\/\/domusdesign.pl\/assets_ddpl\/plugins\/wd-google-maps\";                        jQuery( document ).ready(function() {\t\t\t\t\t                            gmwdInitMainMap(\"wd-map177667817068\",false, '177667817068');                            gmwdReadyFunction('177667817068');                        });                    <\/script>                                        <div class=\"wd-clear\">                        <div id=\"wd-map177667817068\" class=\"wd-row \" style=\" height:350px; width:100%\"><\/div>                    <\/div>                                                                <\/div>            <\/div>\t\t<\/div>\t\t\n","protected":false},"excerpt":{"rendered":"<p>Kim jeste\u015bmy? Jeste\u015bmy projektantami pracuj\u0105cymi w firmie zajmuj\u0105cej si\u0119 importem i dystrybucj\u0105 p\u0142ytek w\u0142oskich i hiszpa\u0144skich a tak\u017ce sprzeda\u017c\u0105 detaliczn\u0105 produkt\u00f3w ceramicznych, wyposa\u017cenia \u0142azienek, lamp,tapet i innych artyku\u0142\u00f3w do wn\u0119trz. O czym jest nasz blog? Blog nasz jest zbiorem wpis\u00f3w, w kt\u00f3rych opowiadamy o naszej codziennej pracy, pokazujemy projekty kt\u00f3re<\/p>\n","protected":false},"author":1,"featured_media":0,"parent":0,"menu_order":0,"comment_status":"closed","ping_status":"closed","template":"","meta":{"footnotes":""},"class_list":["post-2323","page","type-page","status-publish","hentry"],"_links":{"self":[{"href":"https:\/\/domusdesign.pl\/index.php?rest_route=\/wp\/v2\/pages\/2323","targetHints":{"allow":["GET"]}}],"collection":[{"href":"https:\/\/domusdesign.pl\/index.php?rest_route=\/wp\/v2\/pages"}],"about":[{"href":"https:\/\/domusdesign.pl\/index.php?rest_route=\/wp\/v2\/types\/page"}],"author":[{"embeddable":true,"href":"https:\/\/domusdesign.pl\/index.php?rest_route=\/wp\/v2\/users\/1"}],"replies":[{"embeddable":true,"href":"https:\/\/domusdesign.pl\/index.php?rest_route=%2Fwp%2Fv2%2Fcomments&post=2323"}],"version-history":[{"count":13,"href":"https:\/\/domusdesign.pl\/index.php?rest_route=\/wp\/v2\/pages\/2323\/revisions"}],"predecessor-version":[{"id":5091,"href":"https:\/\/domusdesign.pl\/index.php?rest_route=\/wp\/v2\/pages\/2323\/revisions\/5091"}],"wp:attachment":[{"href":"https:\/\/domusdesign.pl\/index.php?rest_route=%2Fwp%2Fv2%2Fmedia&parent=2323"}],"curies":[{"name":"wp","href":"https:\/\/api.w.org\/{rel}","templated":true}]}}