{"id":15,"date":"2015-03-05T12:29:33","date_gmt":"2015-03-05T11:29:33","guid":{"rendered":"http:\/\/domusdesign.pl\/?page_id=15"},"modified":"2018-12-12T14:14:36","modified_gmt":"2018-12-12T13:14:36","slug":"kontakt","status":"publish","type":"page","link":"https:\/\/domusdesign.pl\/?page_id=15","title":{"rendered":"Kontakt"},"content":{"rendered":"<h3>Dane firmy:<\/h3>\n<p>Domus sp\u00f3\u0142ka z ograniczon\u0105 odpowiedzialno\u015bci\u0105 sp. k.<br \/>\n47 &#8211; 100 Strzelce Opolskie,<br \/>\nul. Kupiecka 1<\/p>\n<p>e-mail:<br \/>\ndesign@domus.pl<br \/>\nprojekty-katowice@domus.pl<\/p>\n<p>Tel: 608390749<\/p>\n<p><a title=\"Klauzula informacyjna RODO\" href=\"https:\/\/domus-sklep.pl\/content\/62-klauzula-informacyjna-rodo\">Dbamy o twoj\u0105 prywatno\u015b\u0107<\/a><\/p>\n","protected":false},"excerpt":{"rendered":"<p>Dane firmy: Domus sp\u00f3\u0142ka z ograniczon\u0105 odpowiedzialno\u015bci\u0105 sp. k. 47 &#8211; 100 Strzelce Opolskie, ul. Kupiecka 1 e-mail: design@domus.pl projekty-katowice@domus.pl Tel: 608390749 Dbamy o twoj\u0105 prywatno\u015b\u0107<\/p>\n","protected":false},"author":1,"featured_media":0,"parent":0,"menu_order":0,"comment_status":"open","ping_status":"open","template":"page-kontakt.php","meta":{"footnotes":""},"class_list":["post-15","page","type-page","status-publish","hentry"],"_links":{"self":[{"href":"https:\/\/domusdesign.pl\/index.php?rest_route=\/wp\/v2\/pages\/15","targetHints":{"allow":["GET"]}}],"collection":[{"href":"https:\/\/domusdesign.pl\/index.php?rest_route=\/wp\/v2\/pages"}],"about":[{"href":"https:\/\/domusdesign.pl\/index.php?rest_route=\/wp\/v2\/types\/page"}],"author":[{"embeddable":true,"href":"https:\/\/domusdesign.pl\/index.php?rest_route=\/wp\/v2\/users\/1"}],"replies":[{"embeddable":true,"href":"https:\/\/domusdesign.pl\/index.php?rest_route=%2Fwp%2Fv2%2Fcomments&post=15"}],"version-history":[{"count":23,"href":"https:\/\/domusdesign.pl\/index.php?rest_route=\/wp\/v2\/pages\/15\/revisions"}],"predecessor-version":[{"id":5096,"href":"https:\/\/domusdesign.pl\/index.php?rest_route=\/wp\/v2\/pages\/15\/revisions\/5096"}],"wp:attachment":[{"href":"https:\/\/domusdesign.pl\/index.php?rest_route=%2Fwp%2Fv2%2Fmedia&parent=15"}],"curies":[{"name":"wp","href":"https:\/\/api.w.org\/{rel}","templated":true}]}}